{"id":1431,"date":"2019-08-07T18:21:40","date_gmt":"2019-08-07T18:21:40","guid":{"rendered":"http:\/\/waldkindergarten-trudering.de\/wordpress\/?page_id=1431"},"modified":"2025-06-05T17:18:28","modified_gmt":"2025-06-05T17:18:28","slug":"gebuehren","status":"publish","type":"page","link":"https:\/\/waldkindergarten-trudering.de\/wordpress\/gebuehren\/","title":{"rendered":"Waldkindergarten &#8211; Geb\u00fchren"},"content":{"rendered":"<div data-colibri-id=\"1431-c1\" class=\"style-1134 style-local-1431-c1 position-relative\">\n  <!---->\n  <div data-colibri-component=\"section\" data-colibri-id=\"1431-c2\" id=\"content\" class=\"h-section h-section-global-spacing d-flex align-items-lg-center align-items-md-center align-items-center style-1156 style-local-1431-c2 h-overflow-hidden position-relative\">\n    <!---->\n    <!---->\n    <div style=\"height: 100px; bottom: calc(0px);\" class=\"h-separator\">\n      <svg style=\"fill:rgb(25, 167, 12);transform:rotateX(180deg);\" xmlns=\"http:\/\/www.w3.org\/2000\/svg\" viewBox=\"0 0 2600 130.1\" preserveAspectRatio=\"none\">\n        <polygon points=\"0 130.1 2600 69.1 0 69.1 0 130.1\" opacity=\"0.33\" style=\"isolation:isolate\"><\/polygon>\n        <polygon points=\"0 69.1 2600 69.1 0 0 0 69.1\" opacity=\"0.67\" style=\"isolation:isolate\"><\/polygon>\n        <polygon points=\"0 0 2600 69.1 2600 0 0 0\" style=\"isolation:isolate\"><\/polygon>\n      <\/svg>\n    <\/div>\n    <div class=\"h-section-grid-container h-section-fluid-container\">\n      <!---->\n      <div data-colibri-id=\"1431-c3\" class=\"h-row-container gutters-row-lg-0 gutters-row-md-0 gutters-row-2 gutters-row-v-lg-0 gutters-row-v-md-0 gutters-row-v-2 style-1157 style-local-1431-c3 position-relative\">\n        <!---->\n        <div class=\"h-row justify-content-lg-center justify-content-md-center justify-content-center align-items-lg-stretch align-items-md-stretch align-items-stretch gutters-col-lg-0 gutters-col-md-0 gutters-col-2 gutters-col-v-lg-0 gutters-col-v-md-0 gutters-col-v-2\">\n          <!---->\n          <div class=\"h-column h-column-container d-flex h-col-lg-auto h-col-md-auto h-col-auto style-1158-outer style-local-1431-c4-outer\">\n            <div data-colibri-id=\"1431-c4\" class=\"d-flex h-flex-basis h-column__inner h-ui-empty-state-container h-px-lg-0 h-px-md-0 h-px-0 v-inner-lg-0 v-inner-md-0 v-inner-0 style-1158 style-local-1431-c4 position-relative\">\n              <!---->\n              <!---->\n              <div class=\"w-100 h-y-container h-column__content h-column__v-align flex-basis-100\">\n                <!---->\n              <\/div>\n            <\/div>\n          <\/div>\n          <div class=\"h-column h-column-container d-flex h-col-lg-auto h-col-md-auto h-col-auto style-1159-outer style-local-1431-c5-outer\">\n            <div data-colibri-id=\"1431-c5\" class=\"d-flex h-flex-basis h-column__inner h-px-lg-0 h-px-md-0 h-px-0 v-inner-lg-0 v-inner-md-0 v-inner-0 style-1159 style-local-1431-c5 position-relative\">\n              <!---->\n              <!---->\n              <div class=\"w-100 h-y-container h-column__content h-column__v-align flex-basis-100 align-self-lg-start align-self-md-start align-self-start\">\n                <!---->\n                <div data-colibri-id=\"1431-c6\" class=\"h-global-transition-all h-heading style-1161 style-local-1431-c6 position-relative h-element\">\n                  <!---->\n                  <div class=\"h-heading__outer style-1161 style-local-1431-c6\">\n                    <!---->\n                    <!---->\n                    <h2 class=\"\">Geb\u00fchren und \u00d6ffnungszeiten<\/h2>\n                  <\/div>\n                <\/div>\n                <div data-colibri-id=\"1431-c7\" class=\"h-text h-text-component style-1162 style-local-1431-c7 position-relative h-element\">\n                  <!---->\n                  <!---->\n                  <div class=\"\">\n                    <p>Wir erheben einen monatlichen Betrag f\u00fcr die Betreuung der Kinder und f\u00fcr die Verpflegung. Der Betreuungsbeitrag wird derzeit durch diverse F\u00f6rderungen ausgeglichen und f\u00e4llt praktisch nicht an. F\u00fcr den Verpflegungsbeitrag erhalten\n                      unsere Kinder ein t\u00e4gliches Mittagessen, welches von einem M\u00fcnchner Bio-Caterer, der auf Kinder spezialisiert ist, geliefert wird. Weiterhin ist ein Vereinsbeitrag zu entrichten, der von der Mitgliederversammlung beschlossen wird.<\/p>\n                    <p>Schlussendlich fallen derzeit tats\u00e4chlich 200,00 \u20ac pro Kind und Monat an. N\u00e4heres regelt die Geb\u00fchrenordnung des Waldkindergartens.<\/p>\n                  <\/div>\n                <\/div>\n                <div data-colibri-id=\"1431-c8\" class=\"h-row-container gutters-row-lg-2 gutters-row-md-2 gutters-row-0 gutters-row-v-lg-2 gutters-row-v-md-2 gutters-row-v-0 style-1163 style-local-1431-c8 position-relative\">\n                  <!---->\n                  <div class=\"h-row justify-content-lg-center justify-content-md-center justify-content-center align-items-lg-stretch align-items-md-stretch align-items-stretch gutters-col-lg-2 gutters-col-md-2 gutters-col-0 gutters-col-v-lg-2 gutters-col-v-md-2 gutters-col-v-0\">\n                    <!---->\n                    <div class=\"h-column h-column-container d-flex h-col-lg-6 h-col-md-6 h-col-6 style-1164-outer style-local-1431-c9-outer\">\n                      <div data-colibri-id=\"1431-c9\" class=\"d-flex h-flex-basis h-column__inner h-px-lg-0 h-px-md-0 h-px-2 v-inner-lg-0 v-inner-md-0 v-inner-2 style-1164 style-local-1431-c9 position-relative\">\n                        <!---->\n                        <!---->\n                        <div class=\"w-100 h-y-container h-column__content h-column__v-align flex-basis-100 align-self-lg-start align-self-md-start align-self-start\">\n                          <!---->\n                          <div data-colibri-id=\"1431-c10\" class=\"h-global-transition-all h-heading style-1165 style-local-1431-c10 position-relative h-element\">\n                            <!---->\n                            <div class=\"h-heading__outer style-1165 style-local-1431-c10\">\n                              <!---->\n                              <!---->\n                              <h5 class=\"\">Betreuungsbeitrag<\/h5>\n                            <\/div>\n                          <\/div>\n                          <div data-colibri-id=\"1431-c11\" class=\"icon-list d-flex justify-content-lg-start justify-content-md-start justify-content-start style-1178 style-local-1431-c11 position-relative h-element\">\n                            <!---->\n                            <ul class=\"ul-list-icon vertical-on-desktop vertical-on-tablet vertical-on-mobile justify-content-lg-start justify-content-md-start justify-content-start\">\n                              <!---->\n                              <li class=\"list-item no-gutters\">\n                                <!---->\n                                <div class=\"list-container-divider d-flex justify-content-lg-start justify-content-md-start justify-content-start first-el-spacer\"><\/div> <span class=\"item-link no-gutters\"><div class=\"d-flex h-col no-gutters align-items-lg-center align-items-md-center align-items-center list-item-text-wrapper\"><div class=\"d-flex\"><span  class=\"h-svg-icon style-1178-icon style-local-1431-c11-icon\"><!--Icon by Font Awesome (https:\/\/fontawesome.com)-->\n    <svg version=\"1.1\" xmlns=\"http:\/\/www.w3.org\/2000\/svg\" xmlns:xlink=\"http:\/\/www.w3.org\/1999\/xlink\" id=\"minus\" viewBox=\"0 0 1408 1896.0833\">\n      <path d=\"M1408 736v192q0 40-28 68t-68 28H96q-40 0-68-28T0 928V736q0-40 28-68t68-28h1216q40 0 68 28t28 68z\"><\/path>\n    <\/svg><\/span><\/div> <span class=\"list-text d-block\"><span>4-5 Stunden: 48 \u20ac\/Monat<\/span><\/span>\n                        <\/div>\n                        <\/span>\n                        <div class=\"list-container-divider d-flex justify-content-lg-start justify-content-md-start justify-content-start\">\n                          <!---->\n                        <\/div>\n                        <\/li>\n                        <li class=\"list-item no-gutters\">\n                          <!---->\n                          <!----><span class=\"item-link no-gutters\"><div class=\"d-flex h-col no-gutters align-items-lg-center align-items-md-center align-items-center list-item-text-wrapper\"><div class=\"d-flex\"><span  class=\"h-svg-icon style-1178-icon style-local-1431-c11-icon\"><!--Icon by Font Awesome (https:\/\/fontawesome.com)-->\n    <svg version=\"1.1\" xmlns=\"http:\/\/www.w3.org\/2000\/svg\" xmlns:xlink=\"http:\/\/www.w3.org\/1999\/xlink\" id=\"minus\" viewBox=\"0 0 1408 1896.0833\">\n      <path d=\"M1408 736v192q0 40-28 68t-68 28H96q-40 0-68-28T0 928V736q0-40 28-68t68-28h1216q40 0 68 28t28 68z\"><\/path>\n    <\/svg><\/span><\/div> <span class=\"list-text d-block\"><span>5-6 Stunden: 56 \u20ac\/Monat<\/span><\/span>\n                    <\/div>\n                    <\/span>\n                    <div class=\"list-container-divider d-flex justify-content-lg-start justify-content-md-start justify-content-start\">\n                      <!---->\n                    <\/div>\n                    <\/li>\n                    <li class=\"list-item no-gutters\">\n                      <!---->\n                      <!----><span class=\"item-link no-gutters\"><div class=\"d-flex h-col no-gutters align-items-lg-center align-items-md-center align-items-center list-item-text-wrapper\"><div class=\"d-flex\"><span  class=\"h-svg-icon style-1178-icon style-local-1431-c11-icon\"><!--Icon by Font Awesome (https:\/\/fontawesome.com)-->\n    <svg version=\"1.1\" xmlns=\"http:\/\/www.w3.org\/2000\/svg\" xmlns:xlink=\"http:\/\/www.w3.org\/1999\/xlink\" id=\"minus\" viewBox=\"0 0 1408 1896.0833\">\n      <path d=\"M1408 736v192q0 40-28 68t-68 28H96q-40 0-68-28T0 928V736q0-40 28-68t68-28h1216q40 0 68 28t28 68z\"><\/path>\n    <\/svg><\/span><\/div> <span class=\"list-text d-block\"><span>6-7 Stunden: 69 \u20ac\/Monat<\/span><\/span>\n                <\/div>\n                <\/span>\n                <div class=\"list-container-divider d-flex justify-content-lg-start justify-content-md-start justify-content-start\" style=\"display: none;\">\n                  <!---->\n                <\/div>\n                <div class=\"list-container-divider d-flex justify-content-lg-start justify-content-md-start justify-content-start last-el-spacer\"><\/div>\n                <\/li>\n                <\/ul>\n              <\/div>\n            <\/div>\n          <\/div>\n        <\/div>\n        <div class=\"h-column h-column-container d-flex h-col-lg-6 h-col-md-6 h-col-6 style-1164-outer style-local-1431-c12-outer\">\n          <div data-colibri-id=\"1431-c12\" class=\"d-flex h-flex-basis h-column__inner h-px-lg-0 h-px-md-0 h-px-2 v-inner-lg-0 v-inner-md-0 v-inner-2 style-1164 style-local-1431-c12 position-relative\">\n            <!---->\n            <!---->\n            <div class=\"w-100 h-y-container h-column__content h-column__v-align flex-basis-100 align-self-lg-start align-self-md-start align-self-start\">\n              <!---->\n              <div data-colibri-id=\"1431-c13\" class=\"h-global-transition-all h-heading style-1165 style-local-1431-c13 position-relative h-element\">\n                <!---->\n                <div class=\"h-heading__outer style-1165 style-local-1431-c13\">\n                  <!---->\n                  <!---->\n                  <h5 class=\"\">Vereinsbeitrag<\/h5>\n                <\/div>\n              <\/div>\n              <div data-colibri-id=\"1431-c14\" class=\"icon-list d-flex justify-content-lg-start justify-content-md-start justify-content-start style-1180 style-local-1431-c14 position-relative h-element\">\n                <!---->\n                <ul class=\"ul-list-icon vertical-on-desktop vertical-on-tablet vertical-on-mobile justify-content-lg-start justify-content-md-start justify-content-start\">\n                  <!---->\n                  <li class=\"list-item no-gutters\">\n                    <!---->\n                    <div class=\"list-container-divider d-flex justify-content-lg-start justify-content-md-start justify-content-start first-el-spacer\"><\/div> <span class=\"item-link no-gutters\"><div class=\"d-flex h-col no-gutters align-items-lg-center align-items-md-center align-items-center list-item-text-wrapper\"><div class=\"d-flex\"><span  class=\"h-svg-icon style-1180-icon style-local-1431-c14-icon\"><!--Icon by Font Awesome (https:\/\/fontawesome.com)-->\n    <svg version=\"1.1\" xmlns=\"http:\/\/www.w3.org\/2000\/svg\" xmlns:xlink=\"http:\/\/www.w3.org\/1999\/xlink\" id=\"minus\" viewBox=\"0 0 1408 1896.0833\">\n      <path d=\"M1408 736v192q0 40-28 68t-68 28H96q-40 0-68-28T0 928V736q0-40 28-68t68-28h1216q40 0 68 28t28 68z\"><\/path>\n    <\/svg><\/span><\/div> <span class=\"list-text d-block\"><span>100 \u20ac pro Kind\/Monat<\/span><\/span>\n            <\/div>\n            <\/span>\n            <div class=\"list-container-divider d-flex justify-content-lg-start justify-content-md-start justify-content-start\" style=\"display: none;\">\n              <!---->\n            <\/div>\n            <div class=\"list-container-divider d-flex justify-content-lg-start justify-content-md-start justify-content-start last-el-spacer\"><\/div>\n            <\/li>\n            <\/ul>\n          <\/div>\n        <\/div>\n      <\/div>\n    <\/div>\n    <div class=\"h-column h-column-container d-flex h-col-lg-6 h-col-md-6 h-col-6 style-1164-outer style-local-1431-c15-outer\">\n      <div data-colibri-id=\"1431-c15\" class=\"d-flex h-flex-basis h-column__inner h-px-lg-0 h-px-md-0 h-px-2 v-inner-lg-0 v-inner-md-0 v-inner-2 style-1164 style-local-1431-c15 position-relative\">\n        <!---->\n        <!---->\n        <div class=\"w-100 h-y-container h-column__content h-column__v-align flex-basis-100 align-self-lg-start align-self-md-start align-self-start\">\n          <!---->\n          <div data-colibri-id=\"1431-c16\" class=\"h-global-transition-all h-heading style-1165 style-local-1431-c16 position-relative h-element\">\n            <!---->\n            <div class=\"h-heading__outer style-1165 style-local-1431-c16\">\n              <!---->\n              <!---->\n              <h5 class=\"\">Verpflegungsbeitrag<\/h5>\n            <\/div>\n          <\/div>\n          <div data-colibri-id=\"1431-c17\" class=\"icon-list d-flex justify-content-lg-start justify-content-md-start justify-content-start style-1179 style-local-1431-c17 position-relative h-element\">\n            <!---->\n            <ul class=\"ul-list-icon vertical-on-desktop vertical-on-tablet vertical-on-mobile justify-content-lg-start justify-content-md-start justify-content-start\">\n              <!---->\n              <li class=\"list-item no-gutters\">\n                <!---->\n                <div class=\"list-container-divider d-flex justify-content-lg-start justify-content-md-start justify-content-start first-el-spacer\"><\/div> <span class=\"item-link no-gutters\"><div class=\"d-flex h-col no-gutters align-items-lg-center align-items-md-center align-items-center list-item-text-wrapper\"><div class=\"d-flex\"><span  class=\"h-svg-icon style-1179-icon style-local-1431-c17-icon\"><!--Icon by Font Awesome (https:\/\/fontawesome.com)-->\n    <svg version=\"1.1\" xmlns=\"http:\/\/www.w3.org\/2000\/svg\" xmlns:xlink=\"http:\/\/www.w3.org\/1999\/xlink\" id=\"minus\" viewBox=\"0 0 1408 1896.0833\">\n      <path d=\"M1408 736v192q0 40-28 68t-68 28H96q-40 0-68-28T0 928V736q0-40 28-68t68-28h1216q40 0 68 28t28 68z\"><\/path>\n    <\/svg><\/span><\/div> <span class=\"list-text d-block\"><span>100 \u20ac\/Monat<\/span><\/span>\n        <\/div>\n        <\/span>\n        <div class=\"list-container-divider d-flex justify-content-lg-start justify-content-md-start justify-content-start\" style=\"display: none;\">\n          <!---->\n        <\/div>\n        <div class=\"list-container-divider d-flex justify-content-lg-start justify-content-md-start justify-content-start last-el-spacer\"><\/div>\n        <\/li>\n        <\/ul>\n      <\/div>\n    <\/div>\n  <\/div>\n<\/div>\n<div class=\"h-column h-column-container d-flex h-col-lg-6 h-col-md-6 h-col-6 style-1164-outer style-local-1431-c18-outer\">\n  <div data-colibri-id=\"1431-c18\" class=\"d-flex h-flex-basis h-column__inner h-px-lg-0 h-px-md-0 h-px-2 v-inner-lg-0 v-inner-md-0 v-inner-2 style-1164 style-local-1431-c18 position-relative\">\n    <!---->\n    <!---->\n    <div class=\"w-100 h-y-container h-column__content h-column__v-align flex-basis-100 align-self-lg-start align-self-md-start align-self-start\">\n      <!---->\n      <div data-colibri-id=\"1431-c19\" class=\"h-global-transition-all h-heading style-1165 style-local-1431-c19 position-relative h-element\">\n        <!---->\n        <div class=\"h-heading__outer style-1165 style-local-1431-c19\">\n          <!---->\n          <!---->\n          <h5 class=\"\">\u00d6ffnungszeiten<\/h5>\n        <\/div>\n      <\/div>\n      <div data-colibri-id=\"1431-c20\" class=\"icon-list d-flex justify-content-lg-start justify-content-md-start justify-content-start style-1182 style-local-1431-c20 position-relative h-element\">\n        <!---->\n        <ul class=\"ul-list-icon vertical-on-desktop vertical-on-tablet vertical-on-mobile justify-content-lg-start justify-content-md-start justify-content-start\">\n          <!---->\n          <li class=\"list-item no-gutters\">\n            <!---->\n            <div class=\"list-container-divider d-flex justify-content-lg-start justify-content-md-start justify-content-start first-el-spacer\"><\/div> <span class=\"item-link no-gutters\"><div class=\"d-flex h-col no-gutters align-items-lg-center align-items-md-center align-items-center list-item-text-wrapper\"><div class=\"d-flex\"><span  class=\"h-svg-icon style-1182-icon style-local-1431-c20-icon\"><!--Icon by Font Awesome (https:\/\/fontawesome.com)-->\n    <svg version=\"1.1\" xmlns=\"http:\/\/www.w3.org\/2000\/svg\" xmlns:xlink=\"http:\/\/www.w3.org\/1999\/xlink\" id=\"minus\" viewBox=\"0 0 1408 1896.0833\">\n      <path d=\"M1408 736v192q0 40-28 68t-68 28H96q-40 0-68-28T0 928V736q0-40 28-68t68-28h1216q40 0 68 28t28 68z\"><\/path>\n    <\/svg><\/span><\/div> <span class=\"list-text d-block\"><span>Mo-Do: 08:00 &#8211; 15:30 Uhr<\/span><\/span>\n    <\/div>\n    <\/span>\n    <div class=\"list-container-divider d-flex justify-content-lg-start justify-content-md-start justify-content-start\">\n      <!---->\n    <\/div>\n    <\/li>\n    <li class=\"list-item no-gutters\">\n      <!---->\n      <!----><span class=\"item-link no-gutters\"><div class=\"d-flex h-col no-gutters align-items-lg-center align-items-md-center align-items-center list-item-text-wrapper\"><div class=\"d-flex\"><span  class=\"h-svg-icon style-1182-icon style-local-1431-c20-icon\"><!--Icon by Font Awesome (https:\/\/fontawesome.com)-->\n    <svg version=\"1.1\" xmlns=\"http:\/\/www.w3.org\/2000\/svg\" xmlns:xlink=\"http:\/\/www.w3.org\/1999\/xlink\" id=\"minus\" viewBox=\"0 0 1408 1896.0833\">\n      <path d=\"M1408 736v192q0 40-28 68t-68 28H96q-40 0-68-28T0 928V736q0-40 28-68t68-28h1216q40 0 68 28t28 68z\"><\/path>\n    <\/svg><\/span><\/div> <span class=\"list-text d-block\"><span>Fr: 08:00 &#8211; 15:00 Uhr<\/span><\/span>\n<\/div>\n<\/span>\n<div class=\"list-container-divider d-flex justify-content-lg-start justify-content-md-start justify-content-start\" style=\"display: none;\">\n  <!---->\n<\/div>\n<div class=\"list-container-divider d-flex justify-content-lg-start justify-content-md-start justify-content-start last-el-spacer\"><\/div>\n<\/li>\n<\/ul>\n<\/div>\n<\/div>\n<\/div>\n<\/div>\n<\/div>\n<\/div>\n<\/div>\n<\/div>\n<\/div>\n<\/div>\n<\/div>\n<\/div>\n<\/div>\n<\/div>","protected":false},"excerpt":{"rendered":"<p>Geb\u00fchren und \u00d6ffnungszeiten Wir erheben einen monatlichen Betrag f\u00fcr die Betreuung der Kinder und f\u00fcr die Verpflegung. Der Betreuungsbeitrag wird derzeit durch diverse F\u00f6rderungen ausgeglichen und f\u00e4llt praktisch nicht an. F\u00fcr den Verpflegungsbeitrag erhalten unsere Kinder ein t\u00e4gliches Mittagessen, welches von einem M\u00fcnchner Bio-Caterer, der auf Kinder spezialisiert ist, geliefert wird. Weiterhin ist ein Vereinsbeitrag [&hellip;]<\/p>\n","protected":false},"author":9,"featured_media":0,"parent":0,"menu_order":0,"comment_status":"closed","ping_status":"closed","template":"page-templates\/full-width-page.php","meta":{"footnotes":""},"class_list":["post-1431","page","type-page","status-publish","hentry"],"_links":{"self":[{"href":"https:\/\/waldkindergarten-trudering.de\/wordpress\/wp-json\/wp\/v2\/pages\/1431","targetHints":{"allow":["GET"]}}],"collection":[{"href":"https:\/\/waldkindergarten-trudering.de\/wordpress\/wp-json\/wp\/v2\/pages"}],"about":[{"href":"https:\/\/waldkindergarten-trudering.de\/wordpress\/wp-json\/wp\/v2\/types\/page"}],"author":[{"embeddable":true,"href":"https:\/\/waldkindergarten-trudering.de\/wordpress\/wp-json\/wp\/v2\/users\/9"}],"replies":[{"embeddable":true,"href":"https:\/\/waldkindergarten-trudering.de\/wordpress\/wp-json\/wp\/v2\/comments?post=1431"}],"version-history":[{"count":20,"href":"https:\/\/waldkindergarten-trudering.de\/wordpress\/wp-json\/wp\/v2\/pages\/1431\/revisions"}],"predecessor-version":[{"id":6238,"href":"https:\/\/waldkindergarten-trudering.de\/wordpress\/wp-json\/wp\/v2\/pages\/1431\/revisions\/6238"}],"wp:attachment":[{"href":"https:\/\/waldkindergarten-trudering.de\/wordpress\/wp-json\/wp\/v2\/media?parent=1431"}],"curies":[{"name":"wp","href":"https:\/\/api.w.org\/{rel}","templated":true}]}}