{"id":261,"date":"2014-07-24T20:43:17","date_gmt":"2014-07-24T20:43:17","guid":{"rendered":"http:\/\/waldkindergarten-trudering.de\/wordpress\/?page_id=261"},"modified":"2026-01-22T09:19:41","modified_gmt":"2026-01-22T09:19:41","slug":"waldkindergarten-mitglied-werden","status":"publish","type":"page","link":"https:\/\/waldkindergarten-trudering.de\/wordpress\/waldkindergarten-mitglied-werden\/","title":{"rendered":"Waldkindergarten &#8211; Mitglied werden"},"content":{"rendered":"<div class=\"style-659 style-local-261-c1 position-relative\" data-colibri-id=\"261-c1\">\n<div id=\"about\" class=\"h-section h-section-global-spacing d-flex align-items-lg-center align-items-md-center align-items-center style-690 style-local-261-c2 position-relative\" data-colibri-component=\"section\" data-colibri-id=\"261-c2\">\n<div class=\"h-section-grid-container h-section-boxed-container\">\n<div class=\"h-row-container gutters-row-lg-2 gutters-row-md-2 gutters-row-2 gutters-row-v-lg-2 gutters-row-v-md-2 gutters-row-v-2 style-691 style-local-261-c3 position-relative\" data-colibri-id=\"261-c3\">\n<div class=\"h-row justify-content-lg-center justify-content-md-center justify-content-center align-items-lg-stretch align-items-md-stretch align-items-stretch gutters-col-lg-2 gutters-col-md-2 gutters-col-2 gutters-col-v-lg-2 gutters-col-v-md-2 gutters-col-v-2\">\n<div class=\"h-column h-column-container d-flex h-col-lg-6 h-col-md-6 h-col-12 style-692-outer style-local-261-c4-outer\">\n<div class=\"d-flex h-flex-basis h-column__inner h-px-lg-2 h-px-md-2 h-px-2 v-inner-lg-2 v-inner-md-2 v-inner-2 style-692 style-local-261-c4 position-relative\" data-colibri-id=\"261-c4\">\n<div class=\"w-100 h-y-container h-column__content h-column__v-align flex-basis-100 align-self-lg-center align-self-md-center align-self-center\">\n<div class=\"h-global-transition-all h-heading style-694 style-local-261-c5 position-relative h-element\" data-colibri-id=\"261-c5\">\n<div class=\"h-heading__outer style-694 style-local-261-c5\">\n<h3 class=\"\">Ihr Interessiert Euch f\u00fcr einen Platz im Waldkindergarten?<\/h3>\n<\/div>\n<\/div>\n<div class=\"h-lead h-text h-text-component style-695 style-local-261-c6 position-relative h-element\" data-colibri-id=\"261-c6\">\n<div class=\"\">\n\nIm Waldkindergarten werden insgesamt 16 Kinder in einer Gruppe bis zum Schuleintritt betreut.\n\n<strong>Bewerbt Euch rechtzeitig, um einen unserer Pl\u00e4tze.<\/strong>\n\nDer <strong>Bewerbungsschluss<\/strong> f\u00fcr das Kindergartenjahr 2026\/2027 ist am <strong>06. Februar 2026<\/strong>.\n\nDas Formular f\u00fcr die Voranmeldung erhaltet Ihr bei unseren Informationsveranstaltungen oder auf Anfrage, z.B. \u00fcber unser Kontaktformular.\n<h5>TAG DER OFFENEN T\u00dcR<\/h5>\nWir bieten einen\u00a0<strong>Tag der offenen T\u00fcr\u00a0<\/strong>im\u00a0<strong>Oktober<\/strong> (am <strong>Samstag, 11.10.2025<\/strong> von 11:00 Uhr bis 14:00 Uhr) an, bei dem Ihr Gelegenheit habt, unseren Kindergarten, die aktuelle\nElternschaft und das p\u00e4dagogische Team kennenzulernen.\n<h5>INFORMATIONSABEND<\/h5>\nIm<strong>\u00a0Januar<\/strong>\u00a0veranstalten wir einen<strong> Informationsabend (am Montag, 26.01.2026 von 19:30 Uhr bis 22:00 Uhr im Familienzentrum Trudering)<\/strong>, beantworten Eure Fragen und informieren Euch \u00fcber das Aufnahmeverfahren.\nNehmt bitte an der Veranstaltung teil, wenn Ihr Euch f\u00fcr das folgende Kindergartenjahr bewerbt.\n\nBitte meldet euch vorab an \u00fcber neuaufnahmen@waldkindergarten-trudering.de an.\n<h5>AUFNAHMEVERFAHREN<\/h5>\nDas\u00a0<strong>Aufnahmeverfahren\u00a0<\/strong>f\u00fcr das Kindergartenjahr 2026\/2027 startet<strong> im Januar 2026<\/strong>. Die Bewerbungsfrist endet hierf\u00fcr am <strong>06. Februar 2026.<\/strong>\n\n<\/div>\n<\/div>\n<\/div>\n<\/div>\n<\/div>\n<div class=\"h-column h-column-container d-flex h-col-lg-6 h-col-md-6 h-col-12 style-698-outer style-local-261-c7-outer\">\n<div class=\"d-flex h-flex-basis h-column__inner h-px-lg-2 h-px-md-2 h-px-2 v-inner-lg-2 v-inner-md-2 v-inner-2 style-698 style-local-261-c7 position-relative\" data-colibri-id=\"261-c7\">\n<div class=\"w-100 h-y-container h-column__content h-column__v-align flex-basis-100 align-self-lg-center align-self-md-center align-self-center\">\n<div class=\"d-block style-699 style-local-261-c8 position-relative h-element\" data-colibri-id=\"261-c8\">\n<div class=\"h-image__frame-container-outer\">\n<div class=\"h-image__frame-container\">\n\n<img loading=\"lazy\" decoding=\"async\" width=\"646\" height=\"275\" class=\"wp-image-6025 style-699-image style-local-261-c8-image\" src=\"https:\/\/waldkindergarten-trudering.de\/wordpress\/wp-content\/uploads\/2024\/03\/cropped-Matschkobolde.jpg\" alt=\"\" srcset=\"https:\/\/waldkindergarten-trudering.de\/wordpress\/wp-content\/uploads\/2024\/03\/cropped-Matschkobolde.jpg 646w, https:\/\/waldkindergarten-trudering.de\/wordpress\/wp-content\/uploads\/2024\/03\/cropped-Matschkobolde-300x128.jpg 300w\" sizes=\"auto, (max-width: 646px) 100vw, 646px\" \/>\n<div class=\"h-image__frame h-hide-lg h-hide-md h-hide-sm style-699-frameImage style-local-261-c8-frameImage\"><\/div>\n<\/div>\n<\/div>\n<\/div>\n<\/div>\n<\/div>\n<\/div>\n<\/div>\n<\/div>\n<\/div>\n<\/div>\n<div id=\"features\" class=\"h-section h-section-global-spacing d-flex align-items-lg-center align-items-md-center align-items-center style-664 style-local-261-c9 position-relative\" data-colibri-component=\"section\" data-colibri-id=\"261-c9\">\n<div class=\"h-section-grid-container h-section-boxed-container\">\n<div class=\"h-row-container gutters-row-lg-2 gutters-row-md-2 gutters-row-0 gutters-row-v-lg-2 gutters-row-v-md-2 gutters-row-v-2 style-672 style-local-261-c29 position-relative\" data-colibri-id=\"261-c29\">\n<div class=\"h-row justify-content-lg-center justify-content-md-center justify-content-center align-items-lg-stretch align-items-md-stretch align-items-stretch gutters-col-lg-2 gutters-col-md-2 gutters-col-0 gutters-col-v-lg-2 gutters-col-v-md-2 gutters-col-v-2\">\n<div class=\"h-column h-column-container d-flex h-col-lg-auto h-col-md-auto h-col-auto style-673-outer style-local-261-c30-outer\">\n<div class=\"d-flex h-flex-basis h-column__inner h-px-lg-2 h-px-md-2 h-px-2 v-inner-lg-2 v-inner-md-2 v-inner-2 style-673 style-local-261-c30 position-relative\" data-colibri-id=\"261-c30\">\n<div class=\"w-100 h-y-container h-column__content h-column__v-align flex-basis-100 align-self-lg-start align-self-md-start align-self-start\">\n<div class=\"h-global-transition-all h-heading style-674 style-local-261-c31 position-relative h-element\" data-colibri-id=\"261-c31\">\n<div class=\"h-heading__outer style-674 style-local-261-c31\">\n<h2 class=\"\">Wer kann aufgenommen werden?<\/h2>\n<\/div>\n<\/div>\n<\/div>\n<\/div>\n<\/div>\n<\/div>\n<\/div>\n<div class=\"h-row-container gutters-row-lg-2 gutters-row-md-2 gutters-row-2 gutters-row-v-lg-2 gutters-row-v-md-2 gutters-row-v-2 style-665 style-local-261-c10 position-relative\" data-colibri-id=\"261-c10\">\n<div class=\"h-row justify-content-lg-center justify-content-md-center justify-content-center align-items-lg-stretch align-items-md-stretch align-items-stretch gutters-col-lg-2 gutters-col-md-2 gutters-col-2 gutters-col-v-lg-2 gutters-col-v-md-2 gutters-col-v-2\">\n<div class=\"h-column h-column-container d-flex h-col-lg-3 h-col-md-6 h-col-12 style-666-outer style-local-261-c11-outer\">\n<div class=\"d-flex h-flex-basis h-column__inner h-px-lg-3 h-px-md-3 h-px-2 v-inner-lg-3 v-inner-md-3 v-inner-2 style-666 style-local-261-c11 position-relative\" data-colibri-id=\"261-c11\">\n<div class=\"w-100 h-y-container h-column__content h-column__v-align flex-basis-100 align-self-lg-start align-self-md-start align-self-start\">\n<div class=\"h-icon style-667 style-local-261-c12 position-relative h-element\" data-colibri-id=\"261-c12\"><span class=\"h-svg-icon h-icon__icon style-667-icon style-local-261-c12-icon\"><!--Icon by Font Awesome (https:\/\/fontawesome.com)-->\n<\/span><\/div>\n<div class=\"h-global-transition-all h-heading style-668 style-local-261-c13 position-relative h-element\" data-colibri-id=\"261-c13\">\n<div class=\"h-heading__outer style-668 style-local-261-c13\">\n<h4 class=\"\">Eintrittsdatum<\/h4>\n<\/div>\n<\/div>\n<div class=\"h-text h-text-component style-669 style-local-261-c14 position-relative h-element\" data-colibri-id=\"261-c14\">\n<div class=\"\">\n\nDer Eintritt erfolgt zum 01. September eines jeden Jahres.\n\n<\/div>\n<\/div>\n<div class=\"h-global-transition-all h-heading style-1229 style-local-261-c15 position-relative h-element\" data-colibri-id=\"261-c15\">\n<div class=\"h-heading__outer style-1229 style-local-261-c15\">\n<h4 class=\"\">QUEREINSTIEG<\/h4>\n<\/div>\n<\/div>\n<div class=\"h-text h-text-component style-1228 style-local-261-c16 position-relative h-element\" data-colibri-id=\"261-c16\">\n<div class=\"\">\n\nWenn unvorhergesehen ein Platz frei wird, ist auch ein Eintritt f\u00fcr Nachr\u00fccker unter dem Jahr m\u00f6glich \u2013 lasst Euch hierzu gesondert vormerken.\n\n<\/div>\n<\/div>\n<\/div>\n<\/div>\n<\/div>\n<div class=\"h-column h-column-container d-flex h-col-lg-3 h-col-md-6 h-col-12 style-666-outer style-local-261-c17-outer\">\n<div class=\"d-flex h-flex-basis h-column__inner h-px-lg-3 h-px-md-3 h-px-2 v-inner-lg-3 v-inner-md-3 v-inner-2 style-666 style-local-261-c17 position-relative\" data-colibri-id=\"261-c17\">\n<div class=\"w-100 h-y-container h-column__content h-column__v-align flex-basis-100 align-self-lg-start align-self-md-start align-self-start\">\n<div class=\"h-icon style-667 style-local-261-c18 position-relative h-element\" data-colibri-id=\"261-c18\"><span class=\"h-svg-icon h-icon__icon style-667-icon style-local-261-c18-icon\"><!--Icon by Font Awesome (https:\/\/fontawesome.com)-->\n<\/span><\/div>\n<div class=\"h-global-transition-all h-heading style-668 style-local-261-c19 position-relative h-element\" data-colibri-id=\"261-c19\">\n<div class=\"h-heading__outer style-668 style-local-261-c19\">\n<h4 class=\"\">Alter bei Eintritt<\/h4>\n<\/div>\n<\/div>\n<div class=\"h-text h-text-component style-669 style-local-261-c20 position-relative h-element\" data-colibri-id=\"261-c20\">\n<div class=\"\">\n\nEuer Kind muss bei Eintritt mindestens 2 Jahre und 10 Monate alt sein.\n\nJ\u00fcngere Kinder k\u00f6nnen nicht aufgenommen werden und \u00e4ltere nur, wenn in der zugeh\u00f6rigen Altersgruppe ein Platz frei wird.\n\n<\/div>\n<\/div>\n<\/div>\n<\/div>\n<\/div>\n<div class=\"h-column h-column-container d-flex h-col-lg-3 h-col-md-6 h-col-12 style-666-outer style-local-261-c21-outer\">\n<div class=\"d-flex h-flex-basis h-column__inner h-px-lg-3 h-px-md-3 h-px-2 v-inner-lg-3 v-inner-md-3 v-inner-2 style-666 style-local-261-c21 position-relative\" data-colibri-id=\"261-c21\">\n<div class=\"w-100 h-y-container h-column__content h-column__v-align flex-basis-100 align-self-lg-start align-self-md-start align-self-start\">\n<div class=\"h-icon style-667 style-local-261-c22 position-relative h-element\" data-colibri-id=\"261-c22\"><span class=\"h-svg-icon h-icon__icon style-667-icon style-local-261-c22-icon\"><!--Icon by Font Awesome (https:\/\/fontawesome.com)-->\n<\/span><\/div>\n<div class=\"h-global-transition-all h-heading style-668 style-local-261-c23 position-relative h-element\" data-colibri-id=\"261-c23\">\n<div class=\"h-heading__outer style-668 style-local-261-c23\">\n<h4 class=\"\">Wohnsitz<\/h4>\n<\/div>\n<\/div>\n<div class=\"h-text h-text-component style-669 style-local-261-c24 position-relative h-element\" data-colibri-id=\"261-c24\">\n<div class=\"\">\n\n<span style=\"color: #999999; font-family: 'Open Sans'; font-size: 16px; font-weight: 400;\">Wegen der F\u00f6rderrichtlinie der Landeshauptstadt M\u00fcnchen ist eine Voraussetzung, dass Ihr Euren Wohnsitz im Stadtgebiet M\u00fcnchen habt.<\/span>\n\n<\/div>\n<\/div>\n<\/div>\n<\/div>\n<\/div>\n<div class=\"h-column h-column-container d-flex h-col-lg-3 h-col-md-6 h-col-12 style-666-outer style-local-261-c25-outer\">\n<div class=\"d-flex h-flex-basis h-column__inner h-px-lg-3 h-px-md-3 h-px-2 v-inner-lg-3 v-inner-md-3 v-inner-2 style-666 style-local-261-c25 position-relative\" data-colibri-id=\"261-c25\">\n<div class=\"w-100 h-y-container h-column__content h-column__v-align flex-basis-100 align-self-lg-start align-self-md-start align-self-start\">\n<div class=\"h-icon style-667 style-local-261-c26 position-relative h-element\" data-colibri-id=\"261-c26\"><span class=\"h-svg-icon h-icon__icon style-667-icon style-local-261-c26-icon\"><!--Icon by Font Awesome (https:\/\/fontawesome.com)-->\n<\/span><\/div>\n<div class=\"h-global-transition-all h-heading style-668 style-local-261-c27 position-relative h-element\" data-colibri-id=\"261-c27\">\n<div class=\"h-heading__outer style-668 style-local-261-c27\">\n<h4 class=\"\">Initiative<\/h4>\n<\/div>\n<\/div>\n<div class=\"h-text h-text-component style-669 style-local-261-c28 position-relative h-element\" data-colibri-id=\"261-c28\">\n<div class=\"\">\n\nAls Eltern solltet Ihr Spa\u00df daran haben, Euch aktiv in die Arbeit des Kindergartens einzubringen. Die Elterndienste, -\u00e4mter und Elternabende erfordern mehr Zeit als in einem Regelkindergarten, erm\u00f6glichen aber auch die Teilhabe und\nMitgestaltung an den Aktivit\u00e4ten im Waldkindergarten.\n\n<\/div>\n<\/div>\n<\/div>\n<\/div>\n<\/div>\n<\/div>\n<\/div>\n<\/div>\n<\/div>\n<div id=\"features-2\" class=\"h-section h-section-global-spacing d-flex align-items-lg-center align-items-md-center align-items-center style-676 style-local-261-c32 position-relative\" data-colibri-component=\"section\" data-colibri-id=\"261-c32\">\n<div class=\"h-section-grid-container h-section-boxed-container\">\n<div class=\"h-row-container gutters-row-lg-2 gutters-row-md-2 gutters-row-0 gutters-row-v-lg-2 gutters-row-v-md-2 gutters-row-v-2 style-684 style-local-261-c46 position-relative\" data-colibri-id=\"261-c46\">\n<div class=\"h-row justify-content-lg-center justify-content-md-center justify-content-center align-items-lg-stretch align-items-md-stretch align-items-stretch gutters-col-lg-2 gutters-col-md-2 gutters-col-0 gutters-col-v-lg-2 gutters-col-v-md-2 gutters-col-v-2\">\n<div class=\"h-column h-column-container d-flex h-col-lg-auto h-col-md-auto h-col-auto style-685-outer style-local-261-c47-outer\">\n<div class=\"d-flex h-flex-basis h-column__inner h-px-lg-2 h-px-md-2 h-px-2 v-inner-lg-2 v-inner-md-2 v-inner-2 style-685 style-local-261-c47 position-relative\" data-colibri-id=\"261-c47\">\n<div class=\"w-100 h-y-container h-column__content h-column__v-align flex-basis-100 align-self-lg-start align-self-md-start align-self-start\">\n<div class=\"h-global-transition-all h-heading style-686 style-local-261-c48 position-relative h-element\" data-colibri-id=\"261-c48\">\n<div class=\"h-heading__outer style-686 style-local-261-c48\">\n<h2 class=\"\">Wie l\u00e4uft das Aufnahmeverfahren ab?<\/h2>\n<\/div>\n<\/div>\n<\/div>\n<\/div>\n<\/div>\n<\/div>\n<\/div>\n<div class=\"h-row-container gutters-row-lg-2 gutters-row-md-2 gutters-row-2 gutters-row-v-lg-2 gutters-row-v-md-2 gutters-row-v-2 style-677 style-local-261-c33 position-relative\" data-colibri-id=\"261-c33\">\n<div class=\"h-row justify-content-lg-center justify-content-md-center justify-content-center align-items-lg-stretch align-items-md-stretch align-items-stretch gutters-col-lg-2 gutters-col-md-2 gutters-col-2 gutters-col-v-lg-2 gutters-col-v-md-2 gutters-col-v-2\">\n<div class=\"h-column h-column-container d-flex h-col-lg-auto h-col-md-auto h-col-auto style-678-outer style-local-261-c34-outer\">\n<div class=\"d-flex h-flex-basis h-column__inner h-px-lg-3 h-px-md-3 h-px-2 v-inner-lg-3 v-inner-md-3 v-inner-2 style-678 style-local-261-c34 position-relative\" data-colibri-id=\"261-c34\">\n<div class=\"w-100 h-y-container h-column__content h-column__v-align flex-basis-100 align-self-lg-start align-self-md-start align-self-start\">\n<div class=\"d-block style-1211 style-local-261-c35 position-relative h-element\" data-colibri-id=\"261-c35\">\n<div class=\"h-image__frame-container-outer\">\n<div class=\"h-image__frame-container\">\n\n<img loading=\"lazy\" decoding=\"async\" width=\"1235\" height=\"579\" class=\"wp-image-6023 style-1211-image style-local-261-c35-image\" src=\"https:\/\/waldkindergarten-trudering.de\/wordpress\/wp-content\/uploads\/2024\/03\/cropped-cropped-Aufnahmeprozess_Waki.jpg\" alt=\"\" srcset=\"https:\/\/waldkindergarten-trudering.de\/wordpress\/wp-content\/uploads\/2024\/03\/cropped-cropped-Aufnahmeprozess_Waki.jpg 1235w, https:\/\/waldkindergarten-trudering.de\/wordpress\/wp-content\/uploads\/2024\/03\/cropped-cropped-Aufnahmeprozess_Waki-300x141.jpg 300w, https:\/\/waldkindergarten-trudering.de\/wordpress\/wp-content\/uploads\/2024\/03\/cropped-cropped-Aufnahmeprozess_Waki-1024x480.jpg 1024w, https:\/\/waldkindergarten-trudering.de\/wordpress\/wp-content\/uploads\/2024\/03\/cropped-cropped-Aufnahmeprozess_Waki-768x360.jpg 768w\" sizes=\"auto, (max-width: 1235px) 100vw, 1235px\" \/>\n<div class=\"h-image__frame h-hide-lg h-hide-md h-hide-sm style-1211-frameImage style-local-261-c35-frameImage\"><\/div>\n<\/div>\n<\/div>\n<\/div>\n<\/div>\n<\/div>\n<\/div>\n<\/div>\n<\/div>\n<div class=\"h-row-container gutters-row-lg-0 gutters-row-md-0 gutters-row-0 gutters-row-v-lg-0 gutters-row-v-md-0 gutters-row-v-0 style-1217 style-local-261-c36 position-relative\" data-colibri-id=\"261-c36\">\n<div class=\"h-row justify-content-lg-center justify-content-md-center justify-content-center align-items-lg-stretch align-items-md-stretch align-items-stretch gutters-col-lg-0 gutters-col-md-0 gutters-col-0 gutters-col-v-lg-0 gutters-col-v-md-0 gutters-col-v-0\">\n<div class=\"h-column h-column-container d-flex h-col-lg-auto h-col-md-auto h-col-auto style-1218-outer style-local-261-c37-outer\">\n<div class=\"d-flex h-flex-basis h-column__inner h-px-lg-0 h-px-md-0 h-px-0 v-inner-lg-0 v-inner-md-0 v-inner-0 style-1218 style-local-261-c37 position-relative\" data-colibri-id=\"261-c37\">\n<div class=\"w-100 h-y-container h-column__content h-column__v-align flex-basis-100 align-self-lg-start align-self-md-start align-self-start\">\n<div class=\"h-text h-text-component style-1216 style-local-261-c38 position-relative h-element\" data-colibri-id=\"261-c38\">\n<div class=\"\">\n\nTermine f\u00fcr den Tag der offenen T\u00fcr und den Informationsabend werden im September auf der Homepage bekannt gegeben!\n\n<\/div>\n<\/div>\n<\/div>\n<\/div>\n<\/div>\n<\/div>\n<\/div>\n<div class=\"h-row-container gutters-row-lg-0 gutters-row-md-0 gutters-row-0 gutters-row-v-lg-0 gutters-row-v-md-0 gutters-row-v-0 style-1219 style-local-261-c39 position-relative\" data-colibri-id=\"261-c39\">\n<div class=\"h-row justify-content-lg-center justify-content-md-center justify-content-center align-items-lg-stretch align-items-md-stretch align-items-stretch gutters-col-lg-0 gutters-col-md-0 gutters-col-0 gutters-col-v-lg-0 gutters-col-v-md-0 gutters-col-v-0\">\n<div class=\"h-column h-column-container d-flex h-col-lg-auto h-col-md-auto h-col-auto style-1220-outer style-local-261-c40-outer\">\n<div class=\"d-flex h-flex-basis h-column__inner h-px-lg-1 h-px-md-1 h-px-1 v-inner-lg-1 v-inner-md-1 v-inner-1 style-1220 style-local-261-c40 position-relative\" data-colibri-id=\"261-c40\">\n<div class=\"w-100 h-y-container h-column__content h-column__v-align flex-basis-100 align-self-lg-start align-self-md-start align-self-start\">\n<div class=\"h-text h-text-component style-1222 style-local-261-c41 position-relative h-element\" data-colibri-id=\"261-c41\">\n<div class=\"\">\n\nWir freuen uns Euch und Euer Kind kennen zu lernen!\n\nNehmt gerne Kontakt mit uns auf:\n\n<\/div>\n<\/div>\n<\/div>\n<\/div>\n<\/div>\n<\/div>\n<\/div>\n<div class=\"h-row-container gutters-row-lg-0 gutters-row-md-0 gutters-row-0 gutters-row-v-lg-0 gutters-row-v-md-0 gutters-row-v-0 style-1223 style-local-261-c42 position-relative\" data-colibri-id=\"261-c42\">\n<div class=\"h-row justify-content-lg-center justify-content-md-center justify-content-center align-items-lg-stretch align-items-md-stretch align-items-stretch gutters-col-lg-0 gutters-col-md-0 gutters-col-0 gutters-col-v-lg-0 gutters-col-v-md-0 gutters-col-v-0\">\n<div class=\"h-column h-column-container d-flex h-col-lg-auto h-col-md-auto h-col-auto style-1224-outer style-local-261-c43-outer\">\n<div class=\"d-flex h-flex-basis h-column__inner h-px-lg-2 h-px-md-2 h-px-2 v-inner-lg-2 v-inner-md-2 v-inner-2 style-1224 style-local-261-c43 position-relative\" data-colibri-id=\"261-c43\">\n<div class=\"w-100 h-y-container h-column__content h-column__v-align flex-basis-100 align-self-lg-start align-self-md-start align-self-start\">\n<div class=\"h-x-container style-824 style-local-261-c44 position-relative h-element\" data-colibri-id=\"261-c44\">\n<div class=\"h-x-container-inner style-dynamic-261-c44-group style-824-spacing style-local-261-c44-spacing\"><span class=\"h-button__outer style-825-outer style-local-261-c45-outer d-inline-flex h-element\"><a class=\"d-flex w-100 align-items-center h-button justify-content-lg-center justify-content-md-center justify-content-center style-825 style-local-261-c45 position-relative\" href=\"https:\/\/waldkindergarten-trudering.de\/wordpress\/kontakt-formular\/\" data-colibri-id=\"261-c45\"> Zum Kontaktformular<\/a>\n<\/span><\/div>\n<\/div>\n<\/div>\n<\/div>\n<\/div>\n<\/div>\n<\/div>\n<\/div>\n<\/div>\n<\/div>","protected":false},"excerpt":{"rendered":"<p>Ihr Interessiert Euch f\u00fcr einen Platz im Waldkindergarten? Im Waldkindergarten werden insgesamt 16 Kinder in einer Gruppe bis zum Schuleintritt betreut. Bewerbt Euch rechtzeitig, um einen unserer Pl\u00e4tze. Der Bewerbungsschluss f\u00fcr das Kindergartenjahr 2026\/2027 ist am 06. Februar 2026. Das Formular f\u00fcr die Voranmeldung erhaltet Ihr bei unseren Informationsveranstaltungen oder auf Anfrage, z.B. \u00fcber unser [&hellip;]<\/p>\n","protected":false},"author":9,"featured_media":0,"parent":0,"menu_order":2,"comment_status":"closed","ping_status":"closed","template":"page-templates\/full-width-page.php","meta":{"footnotes":""},"class_list":["post-261","page","type-page","status-publish","hentry"],"_links":{"self":[{"href":"https:\/\/waldkindergarten-trudering.de\/wordpress\/wp-json\/wp\/v2\/pages\/261","targetHints":{"allow":["GET"]}}],"collection":[{"href":"https:\/\/waldkindergarten-trudering.de\/wordpress\/wp-json\/wp\/v2\/pages"}],"about":[{"href":"https:\/\/waldkindergarten-trudering.de\/wordpress\/wp-json\/wp\/v2\/types\/page"}],"author":[{"embeddable":true,"href":"https:\/\/waldkindergarten-trudering.de\/wordpress\/wp-json\/wp\/v2\/users\/9"}],"replies":[{"embeddable":true,"href":"https:\/\/waldkindergarten-trudering.de\/wordpress\/wp-json\/wp\/v2\/comments?post=261"}],"version-history":[{"count":19,"href":"https:\/\/waldkindergarten-trudering.de\/wordpress\/wp-json\/wp\/v2\/pages\/261\/revisions"}],"predecessor-version":[{"id":6305,"href":"https:\/\/waldkindergarten-trudering.de\/wordpress\/wp-json\/wp\/v2\/pages\/261\/revisions\/6305"}],"wp:attachment":[{"href":"https:\/\/waldkindergarten-trudering.de\/wordpress\/wp-json\/wp\/v2\/media?parent=261"}],"curies":[{"name":"wp","href":"https:\/\/api.w.org\/{rel}","templated":true}]}}