{"id":3826,"date":"2021-12-18T19:27:03","date_gmt":"2021-12-18T19:27:03","guid":{"rendered":"https:\/\/waldkindergarten-trudering.de\/wordpress\/?page_id=3826"},"modified":"2022-01-25T19:44:07","modified_gmt":"2022-01-25T19:44:07","slug":"kontakt-formular","status":"publish","type":"page","link":"https:\/\/waldkindergarten-trudering.de\/wordpress\/kontakt-formular\/","title":{"rendered":"Kontakt &#8211; Formular"},"content":{"rendered":"<div data-colibri-id=\"3826-c31\" class=\"style-806 style-local-3826-c31 position-relative\">\n  <!---->\n  <div data-colibri-component=\"section\" data-colibri-id=\"3826-c32\" id=\"contact\" class=\"h-section h-section-global-spacing d-flex align-items-lg-center align-items-md-center align-items-center style-807 style-local-3826-c32 position-relative\">\n    <!---->\n    <!---->\n    <div class=\"h-section-grid-container h-section-boxed-container\">\n      <!---->\n      <div data-colibri-id=\"3826-c33\" class=\"h-row-container gutters-row-lg-2 gutters-row-md-2 gutters-row-2 gutters-row-v-lg-2 gutters-row-v-md-2 gutters-row-v-2 style-808 style-local-3826-c33 position-relative\">\n        <!---->\n        <div class=\"h-row justify-content-lg-center justify-content-md-center justify-content-center align-items-lg-stretch align-items-md-stretch align-items-stretch gutters-col-lg-2 gutters-col-md-2 gutters-col-2 gutters-col-v-lg-2 gutters-col-v-md-2 gutters-col-v-2\">\n          <!---->\n          <div class=\"h-column h-column-container d-flex h-col-lg-auto h-col-md-auto h-col-auto style-809-outer style-local-3826-c34-outer\">\n            <div data-colibri-id=\"3826-c34\" class=\"d-flex h-flex-basis h-column__inner h-px-lg-0 h-px-md-0 h-px-0 v-inner-lg-0 v-inner-md-0 v-inner-0 style-809 style-local-3826-c34 position-relative\">\n              <!---->\n              <!---->\n              <div class=\"w-100 h-y-container h-column__content h-column__v-align flex-basis-100 align-self-lg-start align-self-md-start align-self-start\">\n                <!---->\n                <div data-colibri-id=\"3826-c35\" class=\"h-row-container gutters-row-lg-0 gutters-row-md-0 gutters-row-0 gutters-row-v-lg-0 gutters-row-v-md-0 gutters-row-v-0 style-810 style-local-3826-c35 position-relative\">\n                  <!---->\n                  <div class=\"h-row justify-content-lg-center justify-content-md-center justify-content-center align-items-lg-stretch align-items-md-stretch align-items-stretch gutters-col-lg-0 gutters-col-md-0 gutters-col-0 gutters-col-v-lg-0 gutters-col-v-md-0 gutters-col-v-0\">\n                    <!---->\n                    <div class=\"h-column h-column-container d-flex h-col-lg-auto h-col-md-auto h-col-auto style-811-outer style-local-3826-c36-outer\">\n                      <div data-colibri-id=\"3826-c36\" class=\"d-flex h-flex-basis h-column__inner h-px-lg-0 h-px-md-0 h-px-0 v-inner-lg-0 v-inner-md-0 v-inner-0 style-811 style-local-3826-c36 position-relative\">\n                        <!---->\n                        <!---->\n                        <div class=\"w-100 h-y-container h-column__content h-column__v-align flex-basis-100 align-self-lg-center align-self-md-center align-self-center\">\n                          <!---->\n                          <div data-colibri-id=\"3826-c37\" class=\"h-global-transition-all h-heading style-812 style-local-3826-c37 position-relative h-element\">\n                            <!---->\n                            <div class=\"h-heading__outer style-812 style-local-3826-c37\">\n                              <!---->\n                              <!---->\n                              <h4 class=\"\">Kontaktanfrage<\/h4>\n                            <\/div>\n                          <\/div>\n                          <div data-colibri-id=\"3826-c38\" class=\"h-icon style-813 style-local-3826-c38 position-relative h-element\">\n                            <!----><span class=\"h-svg-icon h-icon__icon style-813-icon style-local-3826-c38-icon\"><!--Icon by Icons8 Line Awesome (https:\/\/icons8.com\/line-awesome)--><svg version=\"1.1\" xmlns=\"http:\/\/www.w3.org\/2000\/svg\" xmlns:xlink=\"http:\/\/www.w3.org\/1999\/xlink\" id=\"binoculars\" viewBox=\"0 0 512 545.5\"><path d=\"M176 112c29.713 0 53.785 20.558 61 48h38c7.215-27.442 31.287-48 61-48 31.48 0 56.644 23.064 62 53 30.428 7.807 56.326 27.65 68 56v.5l.5.5L503 324c5.795 13.502 9 28.423 9 44 0 61.666-50.334 112-112 112-55.546 0-101.847-40.826-110.5-94-8.688 8.553-20.476 14-33.5 14s-24.813-5.447-33.5-14c-8.653 53.174-54.954 94-110.5 94C50.334 480 0 429.666 0 368c0-17.54 4.253-34.19 11.5-49l34-95.5h.5c11.496-31.205 37.775-50.882 68-58.5 5.356-29.936 30.52-53 62-53zm0 32c-19.043 0-32 12.957-32 32v14.5l-14.5 1.5c-24.565 2.586-44.21 17.225-53.5 42v.5L64 267c14.557-6.945 30.852-11 48-11 46.792 0 86.797 29.08 103.5 70 8.577-13.29 23.658-22 40.5-22s31.923 8.71 40.5 22c16.703-40.92 56.708-70 103.5-70 17.38 0 33.794 4.377 48.5 11.5l-12-34c-.14-.34-.354-.662-.5-1-9.246-21.422-29.724-37.997-53.5-40.5l-14.5-1.5V176c0-19.043-12.957-32-32-32s-32 12.957-32 32v16h-96v-16c0-19.043-12.957-32-32-32zm-64 144c-32.328 0-59.852 19.073-72.5 46.5-.28.606-.235 1.387-.5 2-4.2 9.743-7 20.17-7 31.5 0 44.372 35.628 80 80 80s80-35.628 80-80-35.628-80-80-80zm288 0c-44.372 0-80 35.628-80 80s35.628 80 80 80 80-35.628 80-80-35.628-80-80-80zm-144 48c-9.026 0-16 6.974-16 16s6.974 16 16 16 16-6.974 16-16-6.974-16-16-16z\"><\/path><\/svg><\/span><\/div>\n                          <div\n                            data-colibri-id=\"3826-c39\" class=\"h-global-transition-all h-heading style-964 style-local-3826-c39 position-relative h-element\">\n                            <!---->\n                            <div class=\"h-heading__outer style-964 style-local-3826-c39\">\n                              <!---->\n                              <!---->\n                              <h5 class=\"\">Waldkindergarten Trudering e.V.<\/h5>\n                            <\/div>\n                        <\/div>\n                        <div data-colibri-id=\"3826-c42\" class=\"h-divider style-1029 style-local-3826-c42 position-relative h-element\">\n                          <!----><span class=\"h-divider__line style-1029-line style-local-3826-c42-line style-1029-line style-local-3826-c42-line\"><\/span><\/div>\n                        <div data-colibri-id=\"3826-c46\" class=\"h-global-transition-all h-heading style-1033 style-local-3826-c46 position-relative h-element\">\n                          <!---->\n                          <div class=\"h-heading__outer style-1033 style-local-3826-c46\">\n                            <!---->\n                            <!---->\n                            <h6 class=\"\">Wollt Ihr Euch auch in den Newsletter des Waldkindergartens eintragen?<\/h6>\n                          <\/div>\n                        <\/div>\n                        <div data-colibri-id=\"3826-c44\" class=\"h-x-container style-1031 style-local-3826-c44 position-relative h-element\">\n                          <!---->\n                          <div class=\"h-x-container-inner style-dynamic-3826-c44-group style-1031-spacing style-local-3826-c44-spacing\"><span class=\"h-button__outer style-1032-outer style-local-3826-c45-outer d-inline-flex h-element\"><a h-use-smooth-scroll=\"true\" href=\"https:\/\/waldkindergarten-trudering.de\/wordpress\/kontakt-newsletter\/\"  data-colibri-id=\"3826-c45\" class=\"d-flex w-100 align-items-center h-button justify-content-lg-center justify-content-md-center justify-content-center style-1032 style-local-3826-c45 position-relative\"><!----><!----> <span>Zum Newsletter<\/span><\/a>\n                            <\/span>\n                          <\/div>\n                        <\/div>\n                      <\/div>\n                    <\/div>\n                  <\/div>\n                  <div class=\"h-column h-column-container d-flex h-col-lg-auto h-col-md-auto h-col-auto style-816-outer style-local-3826-c40-outer\">\n                    <div data-colibri-id=\"3826-c40\" class=\"d-flex h-flex-basis h-column__inner h-px-lg-0 h-px-md-0 h-px-0 v-inner-lg-0 v-inner-md-0 v-inner-0 style-816 style-local-3826-c40 position-relative\">\n                      <!---->\n                      <!---->\n                      <div class=\"w-100 h-y-container h-column__content h-column__v-align flex-basis-100 align-self-lg-center align-self-md-center align-self-center\">\n                        <!---->\n                        <div data-colibri-id=\"3826-c41\" class=\"h-contact-form__outer--forminator style-817 style-local-3826-c41 position-relative h-element\">\n                          <!---->\n                          <div class=\"h-global-transition-all h-global-transition h-global-transition-all h-contact-form-shortcode\"><div class=\"forminator-ui forminator-custom-form forminator-custom-form-3837 forminator-design--default  forminator_ajax\" data-forminator-render=\"0\" data-form=\"forminator-module-3837\" data-uid=\"69f17407deec4\"><br\/><\/div><form\n\t\t\t\tid=\"forminator-module-3837\"\n\t\t\t\tclass=\"forminator-ui forminator-custom-form forminator-custom-form-3837 forminator-design--default  forminator_ajax\"\n\t\t\t\tmethod=\"post\"\n\t\t\t\tdata-forminator-render=\"0\"\n\t\t\t\tdata-form-id=\"3837\"\n\t\t\t\t data-color-option=\"default\" data-design=\"default\" data-grid=\"open\" style=\"display: none;\"\n\t\t\t\tdata-uid=\"69f17407deec4\"\n\t\t\t><div role=\"alert\" aria-live=\"polite\" class=\"forminator-response-message forminator-error\" aria-hidden=\"true\"><\/div><div class=\"forminator-row\"><div id=\"name-1\" class=\"forminator-field-name forminator-col forminator-col-12 \"><div class=\"forminator-field\"><label for=\"forminator-field-name-1_69f17407deec4\" id=\"forminator-field-name-1_69f17407deec4-label\" class=\"forminator-label\">Name <span class=\"forminator-required\">*<\/span><\/label><input type=\"text\" name=\"name-1\" value=\"\" placeholder=\"Kuno Matschmeise\" id=\"forminator-field-name-1_69f17407deec4\" class=\"forminator-input forminator-name--field\" aria-required=\"true\" autocomplete=\"name\" \/><\/div><\/div><\/div><div class=\"forminator-row\"><div id=\"email-1\" class=\"forminator-field-email forminator-col forminator-col-12 \"><div class=\"forminator-field\"><label for=\"forminator-field-email-1_69f17407deec4\" id=\"forminator-field-email-1_69f17407deec4-label\" class=\"forminator-label\">E-Mail-Adresse <span class=\"forminator-required\">*<\/span><\/label><input type=\"email\" name=\"email-1\" value=\"\" placeholder=\"matschkobold@waldkindergarten-trudering.de\" id=\"forminator-field-email-1_69f17407deec4\" class=\"forminator-input forminator-email--field\" data-required=\"true\" aria-required=\"true\" autocomplete=\"email\" \/><\/div><\/div><\/div><div class=\"forminator-row\"><div id=\"radio-1\" class=\"forminator-field-radio forminator-col forminator-col-12 \"><div role=\"radiogroup\" class=\"forminator-field\" aria-labelledby=\"forminator-radiogroup-radio-1-69f17407deec4-label\"><span id=\"forminator-radiogroup-radio-1-69f17407deec4-label\" class=\"forminator-label\">Betreff <span class=\"forminator-required\">*<\/span><\/span><label id=\"forminator-field-radio-1-label-1\" for=\"forminator-field-radio-1-1-69f17407deec4\" class=\"forminator-radio\" title=\"Allgemein\"><input type=\"radio\" name=\"radio-1\" value=\"Allgemein\" id=\"forminator-field-radio-1-1-69f17407deec4\" aria-labelledby=\"forminator-field-radio-1-label-1\" data-calculation=\"0\"  \/><span class=\"forminator-radio-bullet\" aria-hidden=\"true\"><\/span><span class=\"forminator-radio-label\">Allgemein<\/span><\/label><label id=\"forminator-field-radio-1-label-2\" for=\"forminator-field-radio-1-2-69f17407deec4\" class=\"forminator-radio\" title=\"Waldkindergarten - Neuaufnahme\"><input type=\"radio\" name=\"radio-1\" value=\"Waldkindergarten---Neuaufnahme\" id=\"forminator-field-radio-1-2-69f17407deec4\" aria-labelledby=\"forminator-field-radio-1-label-2\" data-calculation=\"0\"  \/><span class=\"forminator-radio-bullet\" aria-hidden=\"true\"><\/span><span class=\"forminator-radio-label\">Waldkindergarten - Neuaufnahme<\/span><\/label><label id=\"forminator-field-radio-1-label-3\" for=\"forminator-field-radio-1-3-69f17407deec4\" class=\"forminator-radio\" title=\"Waldspielgruppe\"><input type=\"radio\" name=\"radio-1\" value=\"Waldspielgruppe\" id=\"forminator-field-radio-1-3-69f17407deec4\" aria-labelledby=\"forminator-field-radio-1-label-3\" data-calculation=\"0\"  \/><span class=\"forminator-radio-bullet\" aria-hidden=\"true\"><\/span><span class=\"forminator-radio-label\">Waldspielgruppe<\/span><\/label><\/div><\/div><\/div><div class=\"forminator-row\"><div id=\"checkbox-1\" class=\"forminator-field-checkbox forminator-col forminator-col-12 \"><div role=\"group\" class=\"forminator-field\" aria-labelledby=\"forminator-checkbox-group-forminator-field-checkbox-1-69f17407deec4-label\"><label id=\"forminator-field-checkbox-1-1-69f17407deec4-label\" for=\"forminator-field-checkbox-1-1-69f17407deec4\" class=\"forminator-checkbox\" title=\"Wir sind interessiert an einer Aufnahme unseres Kindes  im Waldkindergarten. Bitte schickt uns das Formular f\u00fcr die Voranmeldung per E-Mail an die genannte E-Mail-Adresse.\"><input type=\"checkbox\" name=\"checkbox-1[]\" value=\"Wir-sind-interessiert-an-einer-Aufnahme-unseres-Kindes-im-Waldkindergarten.-Bitte-schickt-uns-das-Formular-f\u00fcr-die-Voranmeldung-per-E-Mail-an-die-genannte-E-Mail-Adresse.\" id=\"forminator-field-checkbox-1-1-69f17407deec4\" aria-labelledby=\"forminator-field-checkbox-1-1-69f17407deec4-label\" data-calculation=\"0\"  \/><span class=\"forminator-checkbox-box\" aria-hidden=\"true\"><\/span><span class=\"forminator-checkbox-label\">Wir sind interessiert an einer Aufnahme unseres Kindes  im Waldkindergarten. Bitte schickt uns das Formular f\u00fcr die Voranmeldung per E-Mail an die genannte E-Mail-Adresse.<\/span><\/label><label id=\"forminator-field-checkbox-1-2-69f17407deec4-label\" for=\"forminator-field-checkbox-1-2-69f17407deec4\" class=\"forminator-checkbox\" title=\"Bitte setzt uns auf die Warteliste f\u00fcr einen Platz f\u00fcr Nachr\u00fccker, falls unvorhergesehen ein Platz in der entsprechenden Altersgruppe frei wird.\"><input type=\"checkbox\" name=\"checkbox-1[]\" value=\"Bitte-setzt-uns-auf-die-Warteliste-f\u00fcr-einen-Platz-f\u00fcr-Nachr\u00fccker,-falls-unvorhergesehen-ein-Platz-in-der-entsprechenden-Altersgruppe-frei-wird.\" id=\"forminator-field-checkbox-1-2-69f17407deec4\" aria-labelledby=\"forminator-field-checkbox-1-2-69f17407deec4-label\" data-calculation=\"0\"  \/><span class=\"forminator-checkbox-box\" aria-hidden=\"true\"><\/span><span class=\"forminator-checkbox-label\">Bitte setzt uns auf die Warteliste f\u00fcr einen Platz f\u00fcr Nachr\u00fccker, falls unvorhergesehen ein Platz in der entsprechenden Altersgruppe frei wird.<\/span><\/label><\/div><\/div><\/div><div class=\"forminator-row\"><div id=\"checkbox-3\" class=\"forminator-field-checkbox forminator-col forminator-col-12 \"><div role=\"group\" class=\"forminator-field\" aria-labelledby=\"forminator-checkbox-group-forminator-field-checkbox-3-69f17407deec4-label\"><label id=\"forminator-field-checkbox-3-1-69f17407deec4-label\" for=\"forminator-field-checkbox-3-1-69f17407deec4\" class=\"forminator-checkbox\" title=\"Wir interessieren uns f\u00fcr einen Platz in der Waldspielgruppe.\"><input type=\"checkbox\" name=\"checkbox-3[]\" value=\"Wir-interessieren-uns-f\u00fcr-einen-Platz-in-der-Waldspielgruppe.\" id=\"forminator-field-checkbox-3-1-69f17407deec4\" aria-labelledby=\"forminator-field-checkbox-3-1-69f17407deec4-label\" data-calculation=\"0\"  \/><span class=\"forminator-checkbox-box\" aria-hidden=\"true\"><\/span><span class=\"forminator-checkbox-label\">Wir interessieren uns f\u00fcr einen Platz in der Waldspielgruppe.<\/span><\/label><\/div><\/div><\/div><div class=\"forminator-row\"><div id=\"textarea-1\" class=\"forminator-field-textarea forminator-col forminator-col-12 \"><div class=\"forminator-field\"><label for=\"forminator-field-textarea-1_69f17407deec4\" id=\"forminator-field-textarea-1_69f17407deec4-label\" class=\"forminator-label\">Freitext<\/label><textarea name=\"textarea-1\" placeholder=\"Erz\u00e4hle uns doch etwas \u00fcber Euch ...\" id=\"forminator-field-textarea-1_69f17407deec4\" class=\"forminator-textarea\" rows=\"6\" style=\"--forminator-textarea-min-height:192px;\" maxlength=\"512\" ><\/textarea><span id=\"forminator-field-textarea-1_69f17407deec4-description\" class=\"forminator-description\"><span data-limit=\"512\" data-type=\"characters\" data-editor=\"\">0 \/ 512<\/span><\/span><\/div><\/div><\/div><div class=\"forminator-row\"><div id=\"checkbox-4\" class=\"forminator-field-checkbox forminator-col forminator-col-12 \"><div role=\"group\" class=\"forminator-field required\" aria-labelledby=\"forminator-checkbox-group-forminator-field-checkbox-4-69f17407deec4-label\"><label id=\"forminator-field-checkbox-4-1-69f17407deec4-label\" for=\"forminator-field-checkbox-4-1-69f17407deec4\" class=\"forminator-checkbox\" title=\"Ich habe die Hinweise zum Datenschutz gelesen und erkl\u00e4re mich mit ihnen einverstanden.\"><input type=\"checkbox\" name=\"checkbox-4[]\" value=\"Ich-habe-die-Hinweise-zum-Datenschutz-gelesen-und-erkl\u00e4re-mich-mit-ihnen-einverstanden.\" id=\"forminator-field-checkbox-4-1-69f17407deec4\" aria-labelledby=\"forminator-field-checkbox-4-1-69f17407deec4-label\" data-calculation=\"0\"  \/><span class=\"forminator-checkbox-box\" aria-hidden=\"true\"><\/span><span class=\"forminator-checkbox-label\">Ich habe die Hinweise zum Datenschutz gelesen und erkl\u00e4re mich mit ihnen einverstanden.<\/span><\/label><\/div><\/div><\/div><input type=\"hidden\" name=\"referer_url\" value=\"\" \/><div class=\"forminator-row forminator-row-last\"><div class=\"forminator-col\"><div class=\"forminator-field\"><button class=\"forminator-button forminator-button-submit\">Sende Kontaktanfrage<\/button><\/div><\/div><\/div><input type=\"hidden\" id=\"forminator_nonce\" name=\"forminator_nonce\" value=\"d6ecdc07fb\" \/><input type=\"hidden\" name=\"_wp_http_referer\" value=\"\/wordpress\/wp-json\/wp\/v2\/pages\/3826\" \/><input type=\"hidden\" name=\"form_id\" value=\"3837\"><input type=\"hidden\" name=\"page_id\" value=\"3826\"><input type=\"hidden\" name=\"form_type\" value=\"default\"><input type=\"hidden\" name=\"current_url\" value=\"https:\/\/waldkindergarten-trudering.de\/wordpress\/kontakt-formular\/\"><input type=\"hidden\" name=\"render_id\" value=\"0\"><input type=\"hidden\" name=\"action\" value=\"forminator_submit_form_custom-forms\"><\/form><\/div>\n                        <\/div>\n                      <\/div>\n                    <\/div>\n                  <\/div>\n                <\/div>\n              <\/div>\n            <\/div>\n          <\/div>\n        <\/div>\n      <\/div>\n    <\/div>\n  <\/div>\n<\/div>\n<\/div>","protected":false},"excerpt":{"rendered":"<p>Kontaktanfrage Waldkindergarten Trudering e.V. Wollt Ihr Euch auch in den Newsletter des Waldkindergartens eintragen? Zum Newsletter<\/p>\n","protected":false},"author":9,"featured_media":0,"parent":0,"menu_order":0,"comment_status":"closed","ping_status":"closed","template":"page-templates\/full-width-page.php","meta":{"footnotes":""},"class_list":["post-3826","page","type-page","status-publish","hentry"],"_links":{"self":[{"href":"https:\/\/waldkindergarten-trudering.de\/wordpress\/wp-json\/wp\/v2\/pages\/3826","targetHints":{"allow":["GET"]}}],"collection":[{"href":"https:\/\/waldkindergarten-trudering.de\/wordpress\/wp-json\/wp\/v2\/pages"}],"about":[{"href":"https:\/\/waldkindergarten-trudering.de\/wordpress\/wp-json\/wp\/v2\/types\/page"}],"author":[{"embeddable":true,"href":"https:\/\/waldkindergarten-trudering.de\/wordpress\/wp-json\/wp\/v2\/users\/9"}],"replies":[{"embeddable":true,"href":"https:\/\/waldkindergarten-trudering.de\/wordpress\/wp-json\/wp\/v2\/comments?post=3826"}],"version-history":[{"count":20,"href":"https:\/\/waldkindergarten-trudering.de\/wordpress\/wp-json\/wp\/v2\/pages\/3826\/revisions"}],"predecessor-version":[{"id":5047,"href":"https:\/\/waldkindergarten-trudering.de\/wordpress\/wp-json\/wp\/v2\/pages\/3826\/revisions\/5047"}],"wp:attachment":[{"href":"https:\/\/waldkindergarten-trudering.de\/wordpress\/wp-json\/wp\/v2\/media?parent=3826"}],"curies":[{"name":"wp","href":"https:\/\/api.w.org\/{rel}","templated":true}]}}